{"id":1536,"date":"2022-03-10T16:02:19","date_gmt":"2022-03-10T16:02:19","guid":{"rendered":"https:\/\/cmlnetwork.ca\/symptomes-de-la-lmc\/"},"modified":"2023-02-17T16:05:58","modified_gmt":"2023-02-17T16:05:58","slug":"symptomes-de-la-lmc","status":"publish","type":"page","link":"https:\/\/cmlnetwork.ca\/fr\/symptomes-de-la-lmc\/","title":{"rendered":"Sympt\u00f4mes de la LMC"},"content":{"rendered":"\n<div id=\"ourcommunity\" class=\"inherit-container-width wp-block-group has-ast-global-color-5-background-color has-background is-layout-constrained wp-block-group-is-layout-constrained\"><div class=\"wp-block-group__inner-container\">\n<section class=\"wp-block-uagb-section uagb-section__wrap uagb-section__background-color alignfull uagb-block-77e03571\"><div class=\"uagb-section__overlay\"><\/div><div class=\"uagb-section__inner-wrap\">\n<section class=\"wp-block-uagb-columns uagb-columns__wrap uagb-columns__stack-mobile uagb-columns__valign- uagb-columns__gap-0 align uagb-columns__reverse-mobile uagb-block-603f0f47 uagb-columns__columns-2 uagb-columns__max_width-custom\"><div class=\"uagb-columns__overlay\"><\/div><div class=\"uagb-columns__inner-wrap uagb-columns__columns-2\">\n<div class=\"wp-block-uagb-column uagb-column__wrap uagb-column__background-none uagb-block-b89c40dd\"><div class=\"uagb-column__overlay\"><\/div>\n<div class=\"wp-block-cover is-light\" style=\"min-height:450px;aspect-ratio:unset;\"><span aria-hidden=\"true\" class=\"wp-block-cover__background has-background-dim-0 has-background-dim\"><\/span><img loading=\"lazy\" decoding=\"async\" width=\"504\" height=\"336\" class=\"wp-block-cover__image-background wp-image-606\" alt=\"\" src=\"https:\/\/cmlnetwork.ca\/wp-content\/uploads\/2022\/03\/rainbow-girl-1.png\" style=\"object-position:24% 25%\" data-object-fit=\"cover\" data-object-position=\"24% 25%\" srcset=\"https:\/\/cmlnetwork.ca\/wp-content\/uploads\/2022\/03\/rainbow-girl-1.png 504w, https:\/\/cmlnetwork.ca\/wp-content\/uploads\/2022\/03\/rainbow-girl-1-300x200.png 300w\" sizes=\"auto, (max-width: 504px) 100vw, 504px\" \/><div class=\"wp-block-cover__inner-container is-layout-flow wp-block-cover-is-layout-flow\">\n<div style=\"height:164px\" aria-hidden=\"true\" class=\"wp-block-spacer\"><\/div>\n\n\n\n<h3 class=\"has-text-align-center has-ast-global-color-5-color has-text-color has-background wp-block-heading\" style=\"background-color:#00000024;font-size:40px\"><strong>\u00ab\u00a0Vivre avec la LMC, c&rsquo;est d\u00e9primant !<\/strong><\/h3>\n\n\n\n<h3 class=\"has-text-align-center has-ast-global-color-5-color has-text-color has-background wp-block-heading\" style=\"background-color:#00000024;font-size:40px\"><strong>Mais \u00e7a n&rsquo;a pas \u00e0 l&rsquo;\u00eatre.\u00a0\u00bb  <\/strong><\/h3>\n<\/div><\/div>\n<\/div>\n\n\n\n<div class=\"wp-block-uagb-column uagb-column__wrap uagb-column__background-color uagb-block-376e24e1\"><div class=\"uagb-column__overlay\"><\/div>\n<div style=\"height:184px\" aria-hidden=\"true\" class=\"wp-block-spacer\"><\/div>\n\n\n\n<h2 class=\"has-text-align-center has-ast-global-color-5-color has-text-color wp-block-heading\" style=\"margin-right:10px;margin-left:10px;font-size:60px\">Sympt\u00f4mes de la LMC<\/h2>\n\n\n\n<div style=\"height:90px\" aria-hidden=\"true\" class=\"wp-block-spacer\"><\/div>\n<\/div>\n<\/div><\/section>\n<\/div><\/section>\n<\/div><\/div>\n\n<section class=\"wp-block-uagb-columns uagb-columns__wrap uagb-columns__stack-mobile uagb-columns__valign- uagb-columns__gap-10 align uagb-block-1df60b1d uagb-columns__columns-1 uagb-columns__max_width-theme\"><div class=\"uagb-columns__overlay\"><\/div><div class=\"uagb-columns__inner-wrap uagb-columns__columns-1\">\n<div class=\"wp-block-uagb-column uagb-column__wrap uagb-column__background-undefined uagb-block-3c5486a1\"><div class=\"uagb-column__overlay\"><\/div>\n<h2 class=\"has-text-color wp-block-heading\" style=\"color:#5269a4\"><strong>Sympt\u00f4mes de la LMC<\/strong><\/h2>\n\n\n\n<p>Chez de nombreuses personnes, les sympt\u00f4mes de la LMC peuvent \u00eatre lents \u00e0 se manifester. Dans la plupart des cas, les patients peuvent ne pr\u00e9senter aucun sympt\u00f4me pendant un certain temps.<\/p>\n\n\n\n<p>Lorsque les sympt\u00f4mes apparaissent, ils peuvent inclure :<\/p>\n\n\n\n<ul class=\"wp-block-list\">\n<li>Vous vous fatiguez plus facilement que d&rsquo;habitude<\/li>\n\n\n\n<li>Essoufflement<\/li>\n\n\n\n<li>Couleur p\u00e2le de la peau<\/li>\n\n\n\n<li>Des douleurs corporelles ou une sensation de tra\u00een\u00e9e dans le haut du ventre gauche (signes d&rsquo;un gonflement de la rate).<\/li>\n\n\n\n<li>Perte de poids<\/li>\n\n\n\n<li>Dans de rares cas, des sueurs nocturnes ou de la fi\u00e8vre<\/li>\n\n\n\n<li>Une sensation de sati\u00e9t\u00e9 apr\u00e8s avoir mang\u00e9 une petite quantit\u00e9.<\/li>\n<\/ul>\n\n\n\n<p>De nombreux sympt\u00f4mes associ\u00e9s \u00e0 la LMC peuvent \u00e9galement \u00eatre li\u00e9s \u00e0 d&rsquo;autres maladies. Par cons\u00e9quent, la seule fa\u00e7on de savoir avec certitude si vous \u00eates atteint de LMC est de demander \u00e0 un m\u00e9decin d&rsquo;effectuer diverses analyses de sang et de moelle osseuse (voir la section <a href=\"https:\/\/cmlnetwork.ca\/fr\/depistage-de-la-lmc\/\" data-type=\"URL\" data-id=\"https:\/\/cmlnetwork.ca\/testing-for-cml\/\">D\u00e9pistage de la LMC<\/a>).<\/p>\n<\/div>\n<\/div><\/section>\n\n<div style=\"height:41px\" aria-hidden=\"true\" class=\"wp-block-spacer\"><\/div>\n\n<section class=\"wp-block-uagb-section uagb-section__wrap uagb-section__background-color uagb-block-eeef7ef7\"><div class=\"uagb-section__overlay\"><\/div><div class=\"uagb-section__inner-wrap\">\n<div style=\"height:80px\" aria-hidden=\"true\" class=\"wp-block-spacer\"><\/div>\n\n\n\n<h2 class=\"has-text-align-center has-ast-global-color-5-color has-text-color wp-block-heading\">Les trois phases de la LMC<\/h2>\n\n\n\n<div style=\"height:24px\" aria-hidden=\"true\" class=\"wp-block-spacer\"><\/div>\n\n\n\n<figure class=\"wp-block-flexible-table-block-table is-content-justification-center is-scroll-on-pc is-scroll-on-mobile is-style-stripes\" style=\"font-style:normal;font-weight:600\"><table class=\"has-ast-global-color-5-background-color has-background is-stacked-on-mobile\" style=\"max-width:none\"><tbody><tr><td style=\"background-color:var(--ast-global-color-5);color:#5269a4;text-align:center;padding:30px\">Phase chronique<\/td><td style=\"background-color:var(--ast-global-color-5);color:#5269a4;padding:50px;text-align:center\">Surabondance de globules blancs anormaux, mais les cellules sanguines saines continuent de fonctionner normalement. Moins de 15 % d&rsquo;explosions. La plupart des personnes pr\u00e9sentent une phase chronique.<\/td><td style=\"background-color:var(--ast-global-color-5);color:#5269a4;text-align:center;padding:40px\">Sympt\u00f4mes l\u00e9gers ou inexistants.<\/td><\/tr><tr><td style=\"background-color:#5269a4;text-align:center;color:var(--ast-global-color-5);padding:35px\">Phase acc\u00e9l\u00e9r\u00e9e<\/td><td style=\"background-color:#5269a4;text-align:center;color:var(--ast-global-color-5);padding:50px\">Le nombre de globules rouges et\/ou de plaquettes peut diminuer. 15 % \u00e0 30 % d&rsquo;explosions.<\/td><td style=\"background-color:#5269a4;text-align:center;color:var(--ast-global-color-5);padding:40px\">Aggravation des sympt\u00f4mes.<\/td><\/tr><tr><td style=\"background-color:var(--ast-global-color-5);color:#5269a4;text-align:center;padding:30px\"><strong>Phase blastique (\u00e9galement appel\u00e9e \u00ab\u00a0crise blastique\u00a0\u00bb ou \u00ab\u00a0phase blastique\u00a0\u00bb)<\/strong><\/td><td style=\"background-color:var(--ast-global-color-5);color:#5269a4;text-align:center;padding:50px\">Le nombre de globules rouges et de plaquettes diminue. Plus de 30 % d&rsquo;explosions.<\/td><td style=\"background-color:var(--ast-global-color-5);color:#5269a4;text-align:center;padding:40px\">Sympt\u00f4mes mettant la vie en danger, pouvant inclure des infections ou des saignements.<\/td><\/tr><\/tbody><\/table><\/figure>\n\n\n\n<div style=\"height:99px\" aria-hidden=\"true\" class=\"wp-block-spacer\"><\/div>\n<\/div><\/section>\n","protected":false},"excerpt":{"rendered":"<p>Sympt\u00f4mes de la LMC Chez de nombreuses personnes, les sympt\u00f4mes de la LMC peuvent \u00eatre lents \u00e0 se manifester. Dans la plupart des cas, les patients peuvent ne pr\u00e9senter aucun sympt\u00f4me pendant un certain temps. Lorsque les sympt\u00f4mes apparaissent, ils peuvent inclure : De nombreux sympt\u00f4mes associ\u00e9s \u00e0 la LMC peuvent \u00e9galement \u00eatre li\u00e9s \u00e0 [&hellip;]<\/p>\n","protected":false},"author":1,"featured_media":0,"parent":0,"menu_order":0,"comment_status":"closed","ping_status":"closed","template":"","meta":{"inline_featured_image":false,"_uag_custom_page_level_css":"","_monsterinsights_skip_tracking":false,"_monsterinsights_sitenote_active":false,"_monsterinsights_sitenote_note":"","_monsterinsights_sitenote_category":0,"site-sidebar-layout":"default","site-content-layout":"","ast-site-content-layout":"default","site-content-style":"default","site-sidebar-style":"default","ast-global-header-display":"","ast-banner-title-visibility":"","ast-main-header-display":"","ast-hfb-above-header-display":"","ast-hfb-below-header-display":"","ast-hfb-mobile-header-display":"","site-post-title":"disabled","ast-breadcrumbs-content":"","ast-featured-img":"","footer-sml-layout":"","ast-disable-related-posts":"","theme-transparent-header-meta":"","adv-header-id-meta":"","stick-header-meta":"","header-above-stick-meta":"","header-main-stick-meta":"","header-below-stick-meta":"","astra-migrate-meta-layouts":"default","ast-page-background-enabled":"default","ast-page-background-meta":{"desktop":{"background-color":"","background-image":"","background-repeat":"repeat","background-position":"center center","background-size":"auto","background-attachment":"scroll","background-type":"","background-media":"","overlay-type":"","overlay-color":"","overlay-opacity":"","overlay-gradient":""},"tablet":{"background-color":"","background-image":"","background-repeat":"repeat","background-position":"center center","background-size":"auto","background-attachment":"scroll","background-type":"","background-media":"","overlay-type":"","overlay-color":"","overlay-opacity":"","overlay-gradient":""},"mobile":{"background-color":"","background-image":"","background-repeat":"repeat","background-position":"center center","background-size":"auto","background-attachment":"scroll","background-type":"","background-media":"","overlay-type":"","overlay-color":"","overlay-opacity":"","overlay-gradient":""}},"ast-content-background-meta":{"desktop":{"background-color":"var(--ast-global-color-5)","background-image":"","background-repeat":"repeat","background-position":"center center","background-size":"auto","background-attachment":"scroll","background-type":"","background-media":"","overlay-type":"","overlay-color":"","overlay-opacity":"","overlay-gradient":""},"tablet":{"background-color":"var(--ast-global-color-5)","background-image":"","background-repeat":"repeat","background-position":"center center","background-size":"auto","background-attachment":"scroll","background-type":"","background-media":"","overlay-type":"","overlay-color":"","overlay-opacity":"","overlay-gradient":""},"mobile":{"background-color":"var(--ast-global-color-5)","background-image":"","background-repeat":"repeat","background-position":"center center","background-size":"auto","background-attachment":"scroll","background-type":"","background-media":"","overlay-type":"","overlay-color":"","overlay-opacity":"","overlay-gradient":""}},"footnotes":""},"class_list":["post-1536","page","type-page","status-publish","hentry"],"aioseo_notices":[],"uagb_featured_image_src":{"full":false,"thumbnail":false,"medium":false,"medium_large":false,"large":false,"1536x1536":false,"2048x2048":false},"uagb_author_info":{"display_name":"cancmlnet","author_link":"https:\/\/cmlnetwork.ca\/fr\/author\/cancmlnet\/"},"uagb_comment_info":0,"uagb_excerpt":"Sympt\u00f4mes de la LMC Chez de nombreuses personnes, les sympt\u00f4mes de la LMC peuvent \u00eatre lents \u00e0 se manifester. Dans la plupart des cas, les patients peuvent ne pr\u00e9senter aucun sympt\u00f4me pendant un certain temps. Lorsque les sympt\u00f4mes apparaissent, ils peuvent inclure : De nombreux sympt\u00f4mes associ\u00e9s \u00e0 la LMC peuvent \u00e9galement \u00eatre li\u00e9s \u00e0\u2026","_links":{"self":[{"href":"https:\/\/cmlnetwork.ca\/fr\/wp-json\/wp\/v2\/pages\/1536","targetHints":{"allow":["GET"]}}],"collection":[{"href":"https:\/\/cmlnetwork.ca\/fr\/wp-json\/wp\/v2\/pages"}],"about":[{"href":"https:\/\/cmlnetwork.ca\/fr\/wp-json\/wp\/v2\/types\/page"}],"author":[{"embeddable":true,"href":"https:\/\/cmlnetwork.ca\/fr\/wp-json\/wp\/v2\/users\/1"}],"replies":[{"embeddable":true,"href":"https:\/\/cmlnetwork.ca\/fr\/wp-json\/wp\/v2\/comments?post=1536"}],"version-history":[{"count":0,"href":"https:\/\/cmlnetwork.ca\/fr\/wp-json\/wp\/v2\/pages\/1536\/revisions"}],"wp:attachment":[{"href":"https:\/\/cmlnetwork.ca\/fr\/wp-json\/wp\/v2\/media?parent=1536"}],"curies":[{"name":"wp","href":"https:\/\/api.w.org\/{rel}","templated":true}]}}