{"id":1580,"date":"2022-03-15T20:42:04","date_gmt":"2022-03-15T20:42:04","guid":{"rendered":"https:\/\/cmlnetwork.ca\/soutien\/"},"modified":"2023-07-27T19:35:38","modified_gmt":"2023-07-27T19:35:38","slug":"soutien","status":"publish","type":"page","link":"https:\/\/cmlnetwork.ca\/fr\/soutien\/","title":{"rendered":"Soutien"},"content":{"rendered":"\n<div id=\"about\" class=\"inherit-container-width wp-block-group has-ast-global-color-5-background-color has-background is-layout-constrained wp-block-group-is-layout-constrained\"><div class=\"wp-block-group__inner-container\">\n<section class=\"wp-block-uagb-section uagb-section__wrap uagb-section__background-color alignfull uagb-block-0e838494\"><div class=\"uagb-section__overlay\"><\/div><div class=\"uagb-section__inner-wrap\">\n<section class=\"wp-block-uagb-columns uagb-columns__wrap uagb-columns__background-none uagb-columns__stack-mobile uagb-columns__valign- uagb-columns__gap-0 align uagb-columns__reverse-mobile uagb-block-060dcb13 uagb-columns__columns-2 uagb-columns__max_width-custom\"><div class=\"uagb-columns__overlay\"><\/div><div class=\"uagb-columns__inner-wrap uagb-columns__columns-2\">\n<div class=\"wp-block-uagb-column uagb-column__wrap uagb-column__background-none uagb-block-eeebb5af\"><div class=\"uagb-column__overlay\"><\/div>\n<div class=\"wp-block-cover alignfull is-light\" style=\"min-height:500px;aspect-ratio:unset;\"><span aria-hidden=\"true\" class=\"wp-block-cover__background has-background-dim-0 has-background-dim\"><\/span><img loading=\"lazy\" decoding=\"async\" width=\"484\" height=\"364\" class=\"wp-block-cover__image-background wp-image-1950\" alt=\"\" src=\"https:\/\/cmlnetwork.ca\/wp-content\/uploads\/2022\/08\/not_alone_new.png\" style=\"object-position:49% 11%\" data-object-fit=\"cover\" data-object-position=\"49% 11%\" srcset=\"https:\/\/cmlnetwork.ca\/wp-content\/uploads\/2022\/08\/not_alone_new.png 484w, https:\/\/cmlnetwork.ca\/wp-content\/uploads\/2022\/08\/not_alone_new-300x226.png 300w\" sizes=\"auto, (max-width: 484px) 100vw, 484px\" \/><div class=\"wp-block-cover__inner-container is-layout-flow wp-block-cover-is-layout-flow\">\n<p class=\"has-text-align-center has-large-font-size\"><\/p>\n<\/div><\/div>\n<\/div>\n\n\n\n<div class=\"wp-block-uagb-column uagb-column__wrap uagb-column__background-color uagb-block-b4daf340\"><div class=\"uagb-column__overlay\"><\/div>\n<div style=\"height:208px\" aria-hidden=\"true\" class=\"wp-block-spacer\"><\/div>\n\n\n\n<h2 class=\"wp-block-heading has-text-align-center has-ast-global-color-5-color has-text-color\" style=\"font-size:60px\">Soutien de la LMC<\/h2>\n\n\n\n<div style=\"height:47px\" aria-hidden=\"true\" class=\"wp-block-spacer\"><\/div>\n<\/div>\n<\/div><\/section>\n<\/div><\/section>\n<\/div><\/div>\n\n<section class=\"wp-block-uagb-section uagb-section__wrap uagb-section__background-undefined uagb-block-6d4c1987\"><div class=\"uagb-section__overlay\"><\/div><div class=\"uagb-section__inner-wrap\">\n<p>Vous cherchez \u00e0 parler \u00e0 quelqu&rsquo;un qui sait ce que c&rsquo;est ? Le R\u00e9seau canadien de la LMC est en train de mettre sur pied une \u00e9quipe de soutien nationale afin d&rsquo;offrir un soutien local individuel aux personnes atteintes de LMC et \u00e0 leurs familles dans tout le Canada. Voici quelques personnes qui vivent avec la LMC et qui souhaitent partager leur exp\u00e9rience et entendre la v\u00f4tre. Il suffit de cliquer sur un nom pour se connecter.<\/p>\n\n\n\n<p>Si vous souhaitez rejoindre notre \u00e9quipe, veuillez nous envoyer un <a href=\"mailto:info@cmlnetwork.ca%22\">courriel<\/a>.<\/p>\n<\/div><\/section>\n\n<div style=\"height:100px\" aria-hidden=\"true\" class=\"wp-block-spacer\"><\/div>\n\n<div class=\"inherit-container-width wp-block-group alignfull has-background is-layout-constrained wp-block-group-is-layout-constrained\" style=\"background-color:#8bc53f\"><div class=\"wp-block-group__inner-container\">\n<h2 class=\"wp-block-heading has-text-align-center has-ast-global-color-5-color has-text-color has-background\" style=\"background-color:#8bc53f\">Vous souhaitez entrer en contact avec une personne vivant avec la LMC ?<\/h2>\n\n\n\n<div class=\"wp-block-columns alignwide is-layout-flex wp-container-core-columns-is-layout-28f84493 wp-block-columns-is-layout-flex\">\n<div class=\"wp-block-column is-layout-flow wp-block-column-is-layout-flow\">\n<div class=\"inherit-container-width wp-block-group alignwide has-background is-layout-constrained wp-block-group-is-layout-constrained\" style=\"background-color:#ffffff\"><div class=\"wp-block-group__inner-container\">\n<div class=\"wp-block-media-text alignwide is-stacked-on-mobile is-vertically-aligned-center has-ast-global-color-5-color has-text-color\" style=\"grid-template-columns:33% auto\"><figure class=\"wp-block-media-text__media\"><img loading=\"lazy\" decoding=\"async\" width=\"512\" height=\"512\" src=\"https:\/\/cmlnetwork.ca\/wp-content\/uploads\/2022\/04\/LisaHeadshot.jpeg\" alt=\"\" class=\"wp-image-993 size-medium\" srcset=\"https:\/\/cmlnetwork.ca\/wp-content\/uploads\/2022\/04\/LisaHeadshot.jpeg 512w, https:\/\/cmlnetwork.ca\/wp-content\/uploads\/2022\/04\/LisaHeadshot-300x300.jpeg 300w, https:\/\/cmlnetwork.ca\/wp-content\/uploads\/2022\/04\/LisaHeadshot-150x150.jpeg 150w\" sizes=\"auto, (max-width: 512px) 100vw, 512px\" \/><\/figure><div class=\"wp-block-media-text__content\">\n<h4 class=\"wp-block-heading supportlinks has-ast-global-color-0-color has-text-color\"><a href=\"mailto:info@cmlnetwork.ca\" data-type=\"mailto\" data-id=\"mailto:info@cmlnetwork.ca\" target=\"_blank\" rel=\"noreferrer noopener\">Lisa Machado<\/a><\/h4>\n\n\n\n<p class=\"has-text-align-left has-text-color\" style=\"color:#8bc53f\"><strong>Toronto, Ontario<\/strong><\/p>\n<\/div><\/div>\n<\/div><\/div>\n<\/div>\n\n\n\n<div class=\"wp-block-column is-layout-flow wp-block-column-is-layout-flow\">\n<div class=\"inherit-container-width wp-block-group alignwide has-background is-layout-constrained wp-block-group-is-layout-constrained\" style=\"background-color:#ffffff\"><div class=\"wp-block-group__inner-container\">\n<div class=\"wp-block-media-text alignwide is-stacked-on-mobile is-vertically-aligned-center\" style=\"grid-template-columns:33% auto\"><figure class=\"wp-block-media-text__media\"><img loading=\"lazy\" decoding=\"async\" width=\"240\" height=\"240\" src=\"https:\/\/cmlnetwork.ca\/wp-content\/uploads\/2022\/07\/MichelleBrawley.jpeg\" alt=\"Michelle Brawley et son chien\" class=\"wp-image-1643 size-full\" srcset=\"https:\/\/cmlnetwork.ca\/wp-content\/uploads\/2022\/07\/MichelleBrawley.jpeg 240w, https:\/\/cmlnetwork.ca\/wp-content\/uploads\/2022\/07\/MichelleBrawley-150x150.jpeg 150w\" sizes=\"auto, (max-width: 240px) 100vw, 240px\" \/><\/figure><div class=\"wp-block-media-text__content\">\n<h4 class=\"wp-block-heading\"><a href=\"mailto:theballetsociety@gmail.com\" target=\"_blank\" rel=\"noopener\">Michelle Brawley<\/a><a data-type=\"mailto\" data-id=\"mailto: t.harvey@rogers.com\" href=\"mailto:t.harvey@rogers.com\" target=\"_blank\" rel=\"noreferrer noopener\"><\/a><\/h4>\n\n\n\n<p class=\"has-text-color\" style=\"color:#8bc53f\"><strong>Ottawa, Ontario<\/strong><\/p>\n<\/div><\/div>\n<\/div><\/div>\n<\/div>\n<\/div>\n\n\n\n<div class=\"wp-block-columns alignwide is-layout-flex wp-container-core-columns-is-layout-28f84493 wp-block-columns-is-layout-flex\">\n<div class=\"wp-block-column is-layout-flow wp-block-column-is-layout-flow\" style=\"flex-basis:50%\"><\/div>\n\n\n\n<div class=\"wp-block-column is-layout-flow wp-block-column-is-layout-flow\" style=\"flex-basis:50%\">\n<div class=\"inherit-container-width wp-block-group alignwide has-background is-layout-constrained wp-block-group-is-layout-constrained\" style=\"background-color:#ffffff\"><div class=\"wp-block-group__inner-container\">\n<div class=\"wp-block-media-text alignwide is-stacked-on-mobile is-vertically-aligned-center\" style=\"grid-template-columns:33% auto\"><figure class=\"wp-block-media-text__media\"><img loading=\"lazy\" decoding=\"async\" width=\"1024\" height=\"1024\" src=\"https:\/\/cmlnetwork.ca\/wp-content\/uploads\/2022\/07\/Amber-1024x1024.jpg\" alt=\"\" class=\"wp-image-1647 size-medium\" srcset=\"https:\/\/cmlnetwork.ca\/wp-content\/uploads\/2022\/07\/Amber-1024x1024.jpg 1024w, https:\/\/cmlnetwork.ca\/wp-content\/uploads\/2022\/07\/Amber-300x300.jpg 300w, https:\/\/cmlnetwork.ca\/wp-content\/uploads\/2022\/07\/Amber-150x150.jpg 150w, https:\/\/cmlnetwork.ca\/wp-content\/uploads\/2022\/07\/Amber-768x768.jpg 768w, https:\/\/cmlnetwork.ca\/wp-content\/uploads\/2022\/07\/Amber-1536x1536.jpg 1536w, https:\/\/cmlnetwork.ca\/wp-content\/uploads\/2022\/07\/Amber-2048x2048.jpg 2048w\" sizes=\"auto, (max-width: 1024px) 100vw, 1024px\" \/><\/figure><div class=\"wp-block-media-text__content\">\n<h4 class=\"wp-block-heading\"><a href=\"mailto:jayandamber@shaw.ca\" target=\"_blank\" rel=\"noopener\">Amber Noden<\/a><\/h4>\n\n\n\n<p class=\"has-text-color\" style=\"color:#8bc53f\"><strong>Edmonton, Alberta<\/strong><\/p>\n<\/div><\/div>\n<\/div><\/div>\n<\/div>\n<\/div>\n\n\n\n<div class=\"wp-block-columns is-layout-flex wp-container-core-columns-is-layout-28f84493 wp-block-columns-is-layout-flex\">\n<div class=\"wp-block-column is-layout-flow wp-block-column-is-layout-flow\" style=\"flex-basis:25%\"><\/div>\n\n\n\n<div class=\"wp-block-column is-layout-flow wp-block-column-is-layout-flow\" style=\"flex-basis:50%\"><\/div>\n\n\n\n<div class=\"wp-block-column is-layout-flow wp-block-column-is-layout-flow\" style=\"flex-basis:25%\"><\/div>\n<\/div>\n<\/div><\/div>\n\n<p><\/p>\n","protected":false},"excerpt":{"rendered":"<p>Vous souhaitez entrer en contact avec une personne vivant avec la LMC ? Lisa Machado Toronto, Ontario Michelle Brawley Ottawa, Ontario Amber Noden Edmonton, Alberta<\/p>\n","protected":false},"author":1,"featured_media":0,"parent":0,"menu_order":0,"comment_status":"closed","ping_status":"closed","template":"","meta":{"inline_featured_image":false,"_uag_custom_page_level_css":"","_monsterinsights_skip_tracking":false,"_monsterinsights_sitenote_active":false,"_monsterinsights_sitenote_note":"","_monsterinsights_sitenote_category":0,"site-sidebar-layout":"default","site-content-layout":"","ast-site-content-layout":"default","site-content-style":"default","site-sidebar-style":"default","ast-global-header-display":"","ast-banner-title-visibility":"","ast-main-header-display":"","ast-hfb-above-header-display":"","ast-hfb-below-header-display":"","ast-hfb-mobile-header-display":"","site-post-title":"disabled","ast-breadcrumbs-content":"","ast-featured-img":"","footer-sml-layout":"","ast-disable-related-posts":"","theme-transparent-header-meta":"","adv-header-id-meta":"","stick-header-meta":"","header-above-stick-meta":"","header-main-stick-meta":"","header-below-stick-meta":"","astra-migrate-meta-layouts":"default","ast-page-background-enabled":"default","ast-page-background-meta":{"desktop":{"background-color":"","background-image":"","background-repeat":"repeat","background-position":"center center","background-size":"auto","background-attachment":"scroll","background-type":"","background-media":"","overlay-type":"","overlay-color":"","overlay-opacity":"","overlay-gradient":""},"tablet":{"background-color":"","background-image":"","background-repeat":"repeat","background-position":"center center","background-size":"auto","background-attachment":"scroll","background-type":"","background-media":"","overlay-type":"","overlay-color":"","overlay-opacity":"","overlay-gradient":""},"mobile":{"background-color":"","background-image":"","background-repeat":"repeat","background-position":"center center","background-size":"auto","background-attachment":"scroll","background-type":"","background-media":"","overlay-type":"","overlay-color":"","overlay-opacity":"","overlay-gradient":""}},"ast-content-background-meta":{"desktop":{"background-color":"var(--ast-global-color-5)","background-image":"","background-repeat":"repeat","background-position":"center center","background-size":"auto","background-attachment":"scroll","background-type":"","background-media":"","overlay-type":"","overlay-color":"","overlay-opacity":"","overlay-gradient":""},"tablet":{"background-color":"var(--ast-global-color-5)","background-image":"","background-repeat":"repeat","background-position":"center center","background-size":"auto","background-attachment":"scroll","background-type":"","background-media":"","overlay-type":"","overlay-color":"","overlay-opacity":"","overlay-gradient":""},"mobile":{"background-color":"var(--ast-global-color-5)","background-image":"","background-repeat":"repeat","background-position":"center center","background-size":"auto","background-attachment":"scroll","background-type":"","background-media":"","overlay-type":"","overlay-color":"","overlay-opacity":"","overlay-gradient":""}},"footnotes":""},"class_list":["post-1580","page","type-page","status-publish","hentry"],"aioseo_notices":[],"uagb_featured_image_src":{"full":false,"thumbnail":false,"medium":false,"medium_large":false,"large":false,"1536x1536":false,"2048x2048":false},"uagb_author_info":{"display_name":"cancmlnet","author_link":"https:\/\/cmlnetwork.ca\/fr\/author\/cancmlnet\/"},"uagb_comment_info":0,"uagb_excerpt":"Vous souhaitez entrer en contact avec une personne vivant avec la LMC ? Lisa Machado Toronto, Ontario Michelle Brawley Ottawa, Ontario Amber Noden Edmonton, Alberta","_links":{"self":[{"href":"https:\/\/cmlnetwork.ca\/fr\/wp-json\/wp\/v2\/pages\/1580","targetHints":{"allow":["GET"]}}],"collection":[{"href":"https:\/\/cmlnetwork.ca\/fr\/wp-json\/wp\/v2\/pages"}],"about":[{"href":"https:\/\/cmlnetwork.ca\/fr\/wp-json\/wp\/v2\/types\/page"}],"author":[{"embeddable":true,"href":"https:\/\/cmlnetwork.ca\/fr\/wp-json\/wp\/v2\/users\/1"}],"replies":[{"embeddable":true,"href":"https:\/\/cmlnetwork.ca\/fr\/wp-json\/wp\/v2\/comments?post=1580"}],"version-history":[{"count":0,"href":"https:\/\/cmlnetwork.ca\/fr\/wp-json\/wp\/v2\/pages\/1580\/revisions"}],"wp:attachment":[{"href":"https:\/\/cmlnetwork.ca\/fr\/wp-json\/wp\/v2\/media?parent=1580"}],"curies":[{"name":"wp","href":"https:\/\/api.w.org\/{rel}","templated":true}]}}