{"id":1587,"date":"2022-03-16T16:54:14","date_gmt":"2022-03-16T16:54:14","guid":{"rendered":"https:\/\/cmlnetwork.ca\/ressources\/"},"modified":"2022-08-04T18:22:24","modified_gmt":"2022-08-04T18:22:24","slug":"ressources","status":"publish","type":"page","link":"https:\/\/cmlnetwork.ca\/fr\/ressources\/","title":{"rendered":"Ressources"},"content":{"rendered":"\n<section class=\"wp-block-uagb-section uagb-section__wrap uagb-section__background-undefined uagb-block-1417a5db\"><div class=\"uagb-section__overlay\"><\/div><div class=\"uagb-section__inner-wrap\">\n<section class=\"wp-block-uagb-columns uagb-columns__wrap uagb-columns__background-undefined uagb-columns__stack-mobile uagb-columns__valign-top uagb-columns__gap-10 alignundefined uagb-columns__reverse-mobile uagb-block-d69aaedf\"><div class=\"uagb-columns__overlay\"><\/div><div class=\"uagb-columns__inner-wrap uagb-columns__columns-2\">\n<div class=\"wp-block-uagb-column uagb-column__wrap uagb-column__background-color uagb-block-1a14358f\"><div class=\"uagb-column__overlay\"><\/div><div class=\"uagb-column__inner-wrap\">\n<figure class=\"wp-block-image aligncenter size-full is-resized\"><img loading=\"lazy\" decoding=\"async\" src=\"https:\/\/cmlnetwork.ca\/wp-content\/uploads\/2015\/12\/CML-Book-Covers.png\" alt=\"\" class=\"wp-image-1297\" width=\"466\" height=\"408\" srcset=\"https:\/\/cmlnetwork.ca\/wp-content\/uploads\/2015\/12\/CML-Book-Covers.png 342w, https:\/\/cmlnetwork.ca\/wp-content\/uploads\/2015\/12\/CML-Book-Covers-300x263.png 300w\" sizes=\"auto, (max-width: 466px) 100vw, 466px\" \/><\/figure><\/div><\/div>\n\n\n\n<div class=\"wp-block-uagb-column uagb-column__wrap uagb-column__background-color uagb-block-369696e2\"><div class=\"uagb-column__overlay\"><\/div><div class=\"uagb-column__inner-wrap\">\n<div style=\"height:194px\" aria-hidden=\"true\" class=\"wp-block-spacer\"><\/div>\n\n\n\n<h1 class=\"has-text-align-center has-ast-global-color-5-color has-text-color wp-block-heading\" style=\"font-size:60px\">Ressources<\/h1>\n<\/div><\/div>\n<\/div><\/section>\n<\/div><\/section>\n\n<div class=\"inherit-container-width wp-block-group alignfull has-luminous-vivid-amber-background-color has-background is-layout-constrained wp-block-group-is-layout-constrained\"><div class=\"wp-block-group__inner-container\">\n<div class=\"wp-block-columns alignwide has-luminous-vivid-amber-background-color has-background is-layout-flex wp-container-core-columns-is-layout-28f84493 wp-block-columns-is-layout-flex\">\n<div class=\"wp-block-column resourcebox has-white-background-color has-background is-layout-flow wp-block-column-is-layout-flow\">\n<h2 class=\"has-text-align-center has-ast-global-color-6-color has-text-color wp-block-heading\" style=\"margin-top:20px\">Canada<\/h2>\n\n\n\n<figure class=\"wp-block-image aligncenter size-full\"><img loading=\"lazy\" decoding=\"async\" width=\"575\" height=\"575\" src=\"https:\/\/cmlnetwork.ca\/wp-content\/uploads\/2022\/03\/Watercolour-Mapleleaf-2-1-e1647972954769.png\" alt=\"\" class=\"wp-image-1329\" srcset=\"https:\/\/cmlnetwork.ca\/wp-content\/uploads\/2022\/03\/Watercolour-Mapleleaf-2-1-e1647972954769.png 575w, https:\/\/cmlnetwork.ca\/wp-content\/uploads\/2022\/03\/Watercolour-Mapleleaf-2-1-e1647972954769-300x300.png 300w, https:\/\/cmlnetwork.ca\/wp-content\/uploads\/2022\/03\/Watercolour-Mapleleaf-2-1-e1647972954769-150x150.png 150w\" sizes=\"auto, (max-width: 575px) 100vw, 575px\" \/><\/figure>\n\n\n<h4 class=\"has-text-align-center wp-block-heading\"><a href=\"https:\/\/cancer.ca\/en\/\" target=\"_blank\" rel=\"noreferrer noopener\">Soci\u00e9t\u00e9 canadienne du cancer<\/a><\/h4>\n\n\n\n<h4 class=\"has-text-align-center wp-block-heading\"><a href=\"https:\/\/survivornet.ca\/\" target=\"_blank\" rel=\"noreferrer noopener\">R\u00e9seau canadien des survivants du cancer<\/a><\/h4>\n\n\n\n<h4 class=\"has-text-align-center wp-block-heading\"><a href=\"http:\/\/www.llscanada.org\/\" target=\"_blank\" rel=\"noreferrer noopener\">La Soci\u00e9t\u00e9 de leuc\u00e9mie et lymphome du Canada<\/a><\/h4>\n\n\n\n<h4 class=\"has-text-align-center wp-block-heading\"><a rel=\"noreferrer noopener\" href=\"http:\/\/cmlsociety.org\/\" target=\"_blank\">La Soci\u00e9t\u00e9 canadienne de la LMC<\/a><\/h4>\n\n\n\n<h4 class=\"has-text-align-center wp-block-heading\"><a rel=\"noreferrer noopener\" href=\"http:\/\/www.wellspring.ca\/\" target=\"_blank\">Wellspring<\/a><\/h4>\n\n\n\n<div style=\"height:100px\" aria-hidden=\"true\" class=\"wp-block-spacer\"><\/div>\n<\/div>\n\n\n\n<div class=\"wp-block-column resourcebox has-white-background-color has-background is-layout-flow wp-block-column-is-layout-flow\">\n<h2 class=\"has-text-align-center has-ast-global-color-6-color has-text-color wp-block-heading\" style=\"margin-top:20px\">U.S.A.<\/h2>\n\n\n\n<figure class=\"wp-block-image aligncenter size-full\"><img loading=\"lazy\" decoding=\"async\" width=\"421\" height=\"418\" src=\"https:\/\/cmlnetwork.ca\/wp-content\/uploads\/2022\/03\/AmericanFlagWC-2.png\" alt=\"\" class=\"wp-image-1330\" srcset=\"https:\/\/cmlnetwork.ca\/wp-content\/uploads\/2022\/03\/AmericanFlagWC-2.png 421w, https:\/\/cmlnetwork.ca\/wp-content\/uploads\/2022\/03\/AmericanFlagWC-2-300x298.png 300w, https:\/\/cmlnetwork.ca\/wp-content\/uploads\/2022\/03\/AmericanFlagWC-2-150x150.png 150w\" sizes=\"auto, (max-width: 421px) 100vw, 421px\" \/><\/figure>\n\n\n<h4 class=\"has-text-align-center wp-block-heading\"><a rel=\"noreferrer noopener\" href=\"http:\/\/www.cancer.gov\/types\/leukemia\/patient\/cml-treatment-pdq\" target=\"_blank\">National Cancer Institute &#8211; Traitement de la LMC<\/a><\/h4>\n\n\n\n<h4 class=\"has-text-align-center wp-block-heading\"><a href=\"http:\/\/patientpower.info\">Le pouvoir des patients<\/a><\/h4>\n\n\n\n<h4 class=\"has-text-align-center wp-block-heading\"><a rel=\"noreferrer noopener\" href=\"http:\/\/www.lls.org\/\" target=\"_blank\">La soci\u00e9t\u00e9 de leuc\u00e9mie et de lymphome<\/a><\/h4>\n\n\n\n<h4 class=\"has-text-align-center wp-block-heading\"><a rel=\"noreferrer noopener\" href=\"http:\/\/www.nationalcmlsociety.org\" target=\"_blank\">La National CML Society<\/a><\/h4>\n\n\n\n<div style=\"height:100px\" aria-hidden=\"true\" class=\"wp-block-spacer\"><\/div>\n<\/div>\n\n\n\n<div class=\"wp-block-column resourcebox has-white-background-color has-background is-layout-flow wp-block-column-is-layout-flow\">\n<h2 class=\"has-text-align-center has-ast-global-color-6-color has-text-color wp-block-heading\" style=\"margin-top:20px\">International<\/h2>\n\n\n\n<figure class=\"wp-block-image aligncenter size-full\"><img loading=\"lazy\" decoding=\"async\" width=\"580\" height=\"580\" src=\"https:\/\/cmlnetwork.ca\/wp-content\/uploads\/2022\/03\/elena-mozhvilo-znhEe1cbbQE-unsplash-e1647972783443.jpg\" alt=\"\" class=\"wp-image-1324\" srcset=\"https:\/\/cmlnetwork.ca\/wp-content\/uploads\/2022\/03\/elena-mozhvilo-znhEe1cbbQE-unsplash-e1647972783443.jpg 580w, https:\/\/cmlnetwork.ca\/wp-content\/uploads\/2022\/03\/elena-mozhvilo-znhEe1cbbQE-unsplash-e1647972783443-300x300.jpg 300w, https:\/\/cmlnetwork.ca\/wp-content\/uploads\/2022\/03\/elena-mozhvilo-znhEe1cbbQE-unsplash-e1647972783443-150x150.jpg 150w\" sizes=\"auto, (max-width: 580px) 100vw, 580px\" \/><\/figure>\n\n\n<h4 class=\"has-text-align-center wp-block-heading\"><a rel=\"noreferrer noopener\" href=\"http:\/\/www.cmladvocates.net\/\" target=\"_blank\">R\u00e9seau de d\u00e9fenseurs de la LMC<\/a><\/h4>\n\n\n\n<h4 class=\"has-text-align-center wp-block-heading\"><a rel=\"noreferrer noopener\" href=\"http:\/\/cmlsociety.org\/\" target=\"_blank\"><\/a><a rel=\"noreferrer noopener\" href=\"http:\/\/www.cmlsupport.org.uk\" target=\"_blank\">Soutien de la LMC<\/a><\/h4>\n\n\n\n<h4 class=\"has-text-align-center wp-block-heading\"><a rel=\"noreferrer noopener\" href=\"http:\/\/cmlsociety.org\/\" target=\"_blank\"><\/a><a rel=\"noreferrer noopener\" href=\"http:\/\/www.wellspring.ca\/\" target=\"_blank\"><\/a><a rel=\"noreferrer noopener\" href=\"http:\/\/www.leukemia-net.org\" target=\"_blank\">European LeukemiaNet<\/a><\/h4>\n\n\n\n<h4 class=\"has-text-align-center wp-block-heading\"><a href=\"http:\/\/themaxfoundation.org\">La Fondation Max<\/a><\/h4>\n\n\n\n<div style=\"height:100px\" aria-hidden=\"true\" class=\"wp-block-spacer\"><\/div>\n<\/div>\n<\/div>\n<\/div><\/div>\n","protected":false},"excerpt":{"rendered":"<p>Canada Soci\u00e9t\u00e9 canadienne du cancer R\u00e9seau canadien des survivants du cancer La Soci\u00e9t\u00e9 de leuc\u00e9mie et lymphome du Canada La Soci\u00e9t\u00e9 canadienne de la LMC Wellspring U.S.A. National Cancer Institute &#8211; Traitement de la LMC Le pouvoir des patients La soci\u00e9t\u00e9 de leuc\u00e9mie et de lymphome La National CML Society International R\u00e9seau de d\u00e9fenseurs de [&hellip;]<\/p>\n","protected":false},"author":1,"featured_media":0,"parent":0,"menu_order":0,"comment_status":"closed","ping_status":"closed","template":"","meta":{"inline_featured_image":false,"_uag_custom_page_level_css":"","_monsterinsights_skip_tracking":false,"_monsterinsights_sitenote_active":false,"_monsterinsights_sitenote_note":"","_monsterinsights_sitenote_category":0,"site-sidebar-layout":"default","site-content-layout":"","ast-site-content-layout":"default","site-content-style":"default","site-sidebar-style":"default","ast-global-header-display":"","ast-banner-title-visibility":"","ast-main-header-display":"","ast-hfb-above-header-display":"","ast-hfb-below-header-display":"","ast-hfb-mobile-header-display":"","site-post-title":"disabled","ast-breadcrumbs-content":"","ast-featured-img":"","footer-sml-layout":"","ast-disable-related-posts":"","theme-transparent-header-meta":"","adv-header-id-meta":"","stick-header-meta":"","header-above-stick-meta":"","header-main-stick-meta":"","header-below-stick-meta":"","astra-migrate-meta-layouts":"default","ast-page-background-enabled":"default","ast-page-background-meta":{"desktop":{"background-color":"","background-image":"","background-repeat":"repeat","background-position":"center center","background-size":"auto","background-attachment":"scroll","background-type":"","background-media":"","overlay-type":"","overlay-color":"","overlay-opacity":"","overlay-gradient":""},"tablet":{"background-color":"","background-image":"","background-repeat":"repeat","background-position":"center center","background-size":"auto","background-attachment":"scroll","background-type":"","background-media":"","overlay-type":"","overlay-color":"","overlay-opacity":"","overlay-gradient":""},"mobile":{"background-color":"","background-image":"","background-repeat":"repeat","background-position":"center center","background-size":"auto","background-attachment":"scroll","background-type":"","background-media":"","overlay-type":"","overlay-color":"","overlay-opacity":"","overlay-gradient":""}},"ast-content-background-meta":{"desktop":{"background-color":"var(--ast-global-color-5)","background-image":"","background-repeat":"repeat","background-position":"center center","background-size":"auto","background-attachment":"scroll","background-type":"","background-media":"","overlay-type":"","overlay-color":"","overlay-opacity":"","overlay-gradient":""},"tablet":{"background-color":"var(--ast-global-color-5)","background-image":"","background-repeat":"repeat","background-position":"center center","background-size":"auto","background-attachment":"scroll","background-type":"","background-media":"","overlay-type":"","overlay-color":"","overlay-opacity":"","overlay-gradient":""},"mobile":{"background-color":"var(--ast-global-color-5)","background-image":"","background-repeat":"repeat","background-position":"center center","background-size":"auto","background-attachment":"scroll","background-type":"","background-media":"","overlay-type":"","overlay-color":"","overlay-opacity":"","overlay-gradient":""}},"footnotes":""},"class_list":["post-1587","page","type-page","status-publish","hentry"],"aioseo_notices":[],"uagb_featured_image_src":{"full":false,"thumbnail":false,"medium":false,"medium_large":false,"large":false,"1536x1536":false,"2048x2048":false},"uagb_author_info":{"display_name":"cancmlnet","author_link":"https:\/\/cmlnetwork.ca\/fr\/author\/cancmlnet\/"},"uagb_comment_info":0,"uagb_excerpt":"Canada Soci\u00e9t\u00e9 canadienne du cancer R\u00e9seau canadien des survivants du cancer La Soci\u00e9t\u00e9 de leuc\u00e9mie et lymphome du Canada La Soci\u00e9t\u00e9 canadienne de la LMC Wellspring U.S.A. National Cancer Institute &#8211; Traitement de la LMC Le pouvoir des patients La soci\u00e9t\u00e9 de leuc\u00e9mie et de lymphome La National CML Society International R\u00e9seau de d\u00e9fenseurs de\u2026","_links":{"self":[{"href":"https:\/\/cmlnetwork.ca\/fr\/wp-json\/wp\/v2\/pages\/1587","targetHints":{"allow":["GET"]}}],"collection":[{"href":"https:\/\/cmlnetwork.ca\/fr\/wp-json\/wp\/v2\/pages"}],"about":[{"href":"https:\/\/cmlnetwork.ca\/fr\/wp-json\/wp\/v2\/types\/page"}],"author":[{"embeddable":true,"href":"https:\/\/cmlnetwork.ca\/fr\/wp-json\/wp\/v2\/users\/1"}],"replies":[{"embeddable":true,"href":"https:\/\/cmlnetwork.ca\/fr\/wp-json\/wp\/v2\/comments?post=1587"}],"version-history":[{"count":0,"href":"https:\/\/cmlnetwork.ca\/fr\/wp-json\/wp\/v2\/pages\/1587\/revisions"}],"wp:attachment":[{"href":"https:\/\/cmlnetwork.ca\/fr\/wp-json\/wp\/v2\/media?parent=1587"}],"curies":[{"name":"wp","href":"https:\/\/api.w.org\/{rel}","templated":true}]}}